{"id":157,"date":"2024-10-23T14:57:41","date_gmt":"2024-10-23T12:57:41","guid":{"rendered":"https:\/\/medaimun.de\/?page_id=157"},"modified":"2025-04-30T15:44:10","modified_gmt":"2025-04-30T13:44:10","slug":"privatpraxis","status":"publish","type":"page","link":"https:\/\/medaimun.de\/en\/privatpraxis\/","title":{"rendered":"Prof. Dr. Zielen"},"content":{"rendered":"<div data-elementor-type=\"wp-page\" data-elementor-id=\"157\" class=\"elementor elementor-157\" data-elementor-post-type=\"page\">\n\t\t\t\t\t\t<section class=\"elementor-section elementor-top-section elementor-element elementor-element-2ac7b31 elementor-section-boxed elementor-section-height-default elementor-section-height-default\" data-id=\"2ac7b31\" data-element_type=\"section\" data-e-type=\"section\" data-settings=\"{&quot;background_background&quot;:&quot;classic&quot;}\">\n\t\t\t\t\t\t\t<div class=\"elementor-background-overlay\"><\/div>\n\t\t\t\t\t\t\t<div class=\"elementor-container elementor-column-gap-no\">\n\t\t\t\t\t<div class=\"elementor-column elementor-col-100 elementor-top-column elementor-element elementor-element-419f742\" data-id=\"419f742\" data-element_type=\"column\" data-e-type=\"column\">\n\t\t\t<div class=\"elementor-widget-wrap elementor-element-populated\">\n\t\t\t\t\t\t\t<\/div>\n\t\t<\/div>\n\t\t\t\t\t<\/div>\n\t\t<\/section>\n\t\t\t\t<section class=\"elementor-section elementor-top-section elementor-element elementor-element-5907c06e elementor-reverse-tablet elementor-reverse-mobile elementor-section-boxed elementor-section-height-default elementor-section-height-default\" data-id=\"5907c06e\" data-element_type=\"section\" data-e-type=\"section\">\n\t\t\t\t\t\t<div class=\"elementor-container elementor-column-gap-no\">\n\t\t\t\t\t<div class=\"elementor-column elementor-col-50 elementor-top-column elementor-element elementor-element-102f7e4\" data-id=\"102f7e4\" data-element_type=\"column\" data-e-type=\"column\">\n\t\t\t<div class=\"elementor-widget-wrap elementor-element-populated\">\n\t\t\t\t\t\t<div class=\"elementor-element elementor-element-544a3ae7 elementor-widget elementor-widget-image\" data-id=\"544a3ae7\" data-element_type=\"widget\" data-e-type=\"widget\" data-widget_type=\"image.default\">\n\t\t\t\t\t\t\t\t\t\t\t\t\t\t\t<img fetchpriority=\"high\" decoding=\"async\" width=\"300\" height=\"300\" src=\"https:\/\/medaimun.de\/wp-content\/uploads\/2024\/10\/Prof-Stefan-Zielen.jpeg\" class=\"attachment-medium_large size-medium_large wp-image-269\" alt=\"\" srcset=\"https:\/\/medaimun.de\/wp-content\/uploads\/2024\/10\/Prof-Stefan-Zielen.jpeg 300w, https:\/\/medaimun.de\/wp-content\/uploads\/2024\/10\/Prof-Stefan-Zielen-150x150.jpeg 150w\" sizes=\"(max-width: 300px) 100vw, 300px\" \/>\t\t\t\t\t\t\t\t\t\t\t\t\t\t\t<\/div>\n\t\t\t\t\t<\/div>\n\t\t<\/div>\n\t\t\t\t<div class=\"elementor-column elementor-col-50 elementor-top-column elementor-element elementor-element-5834d577\" data-id=\"5834d577\" data-element_type=\"column\" data-e-type=\"column\">\n\t\t\t<div class=\"elementor-widget-wrap elementor-element-populated\">\n\t\t\t\t\t\t<div class=\"elementor-element elementor-element-3770197b elementor-widget elementor-widget-heading\" data-id=\"3770197b\" data-element_type=\"widget\" data-e-type=\"widget\" data-widget_type=\"heading.default\">\n\t\t\t\t\t<h2 class=\"elementor-heading-title elementor-size-default\">Prof. Dr. med. Zielen<\/h2>\t\t\t\t<\/div>\n\t\t\t\t<div class=\"elementor-element elementor-element-35c79b98 elementor-widget elementor-widget-text-editor\" data-id=\"35c79b98\" data-element_type=\"widget\" data-e-type=\"widget\" data-widget_type=\"text-editor.default\">\n\t\t\t\t\t\t\t\t\t<p>Dear parents, dear patients, dear visitors,<\/p><p>After several decades of clinical work at various universities (Bonn) and research institutes (DKFZ Heidelberg), most recently as Professor and Chief Physician for Allergology and Pneumology at the Children's Hospital of Goethe University, I would like to welcome you to my private allergology-pneumology practice for children, adolescents and adults.<\/p><p>It is important to me to find sufficient time during the consultation for a thorough examination and a personal discussion of all questions and concerns associated with the disease. I am happy to offer you my advice and look forward to seeing you!<\/p>\t\t\t\t\t\t\t\t<\/div>\n\t\t\t\t\t<\/div>\n\t\t<\/div>\n\t\t\t\t\t<\/div>\n\t\t<\/section>\n\t\t\t\t<section class=\"elementor-section elementor-top-section elementor-element elementor-element-880e4a1 elementor-section-boxed elementor-section-height-default elementor-section-height-default\" data-id=\"880e4a1\" data-element_type=\"section\" data-e-type=\"section\">\n\t\t\t\t\t\t<div class=\"elementor-container elementor-column-gap-default\">\n\t\t\t\t\t<div class=\"elementor-column elementor-col-100 elementor-top-column elementor-element elementor-element-d824af6\" data-id=\"d824af6\" data-element_type=\"column\" data-e-type=\"column\">\n\t\t\t<div class=\"elementor-widget-wrap elementor-element-populated\">\n\t\t\t\t\t\t<div class=\"elementor-element elementor-element-4c44e85 elementor-tabs-view-horizontal elementor-widget elementor-widget-tabs\" data-id=\"4c44e85\" data-element_type=\"widget\" data-e-type=\"widget\" id=\"zielentabs\" data-no-translation=\"\" data-widget_type=\"tabs.default\">\n\t\t\t\t\t<style>.elementor-element-4c44e85{display:none !important}<\/style>\t\t\t\t<\/div>\n\t\t\t\t<div class=\"elementor-element elementor-element-3f9d8bd elementor-tabs-view-horizontal elementor-widget elementor-widget-tabs\" data-id=\"3f9d8bd\" data-element_type=\"widget\" data-e-type=\"widget\" data-no-translation=\"\" data-widget_type=\"tabs.default\">\n\t\t\t\t\t\t\t<div class=\"elementor-tabs\">\n\t\t\t<div class=\"elementor-tabs-wrapper\" role=\"tablist\" >\n\t\t\t\t\t\t\t\t\t<div id=\"elementor-tab-title-6671\" class=\"elementor-tab-title elementor-tab-desktop-title\" aria-selected=\"true\" data-tab=\"1\" role=\"tab\" tabindex=\"0\" aria-controls=\"elementor-tab-content-6671\" aria-expanded=\"false\">Introduction<\/div>\n\t\t\t\t\t\t\t\t\t<div id=\"elementor-tab-title-6672\" class=\"elementor-tab-title elementor-tab-desktop-title\" aria-selected=\"false\" data-tab=\"2\" role=\"tab\" tabindex=\"-1\" aria-controls=\"elementor-tab-content-6672\" aria-expanded=\"false\">Cirriculum vitae<\/div>\n\t\t\t\t\t\t\t\t\t<div id=\"elementor-tab-title-6673\" class=\"elementor-tab-title elementor-tab-desktop-title\" aria-selected=\"false\" data-tab=\"3\" role=\"tab\" tabindex=\"-1\" aria-controls=\"elementor-tab-content-6673\" aria-expanded=\"false\">Publications<\/div>\n\t\t\t\t\t\t\t<\/div>\n\t\t\t<div class=\"elementor-tabs-content-wrapper\" role=\"tablist\" aria-orientation=\"vertical\">\n\t\t\t\t\t\t\t\t\t<div class=\"elementor-tab-title elementor-tab-mobile-title\" aria-selected=\"true\" data-tab=\"1\" role=\"tab\" tabindex=\"0\" aria-controls=\"elementor-tab-content-6671\" aria-expanded=\"false\">Introduction<\/div>\n\t\t\t\t\t<div id=\"elementor-tab-content-6671\" class=\"elementor-tab-content elementor-clearfix\" data-tab=\"1\" role=\"tabpanel\" aria-labelledby=\"elementor-tab-title-6671\" tabindex=\"0\" hidden=\"false\"><h3>Introduction<\/h3><p>Prof. Dr. med. Stefan Zielen is an expert in respiratory and allergy diseases at the Institute for Respiratory Diseases \u201cMedaimun\u201d.<\/p><p data-start=\"136\" data-end=\"544\">For over 22 years, he led the Allergology, Pulmonology, and Cystic Fibrosis department at the Children&#8217;s and Adolescent&#8217;s Clinic of the University Hospital Frankfurt. With more than 300 published scientific articles on PubMed, he is recognized as a specialist in asthma, rare lung diseases, and allergies. He treats both children and adolescents, as well as adults who are privately insured or self-paying.<\/p><h3 data-start=\"546\" data-end=\"598\">Diagnosis and treatment of lung diseases<\/h3><p data-start=\"600\" data-end=\"1003\">The Medaimun Institute offers comprehensive diagnostics and treatment for acute and chronic lung diseases in patients of all ages. Prof. Zielen and his team provide care for patients and their families based on the latest scientific findings. In collaboration with a specialized laboratory, various tests are conducted to clarify immune processes and allergies.<\/p><h3 data-start=\"1005\" data-end=\"1046\">Hyposensitization specialist<\/h3><p data-start=\"1048\" data-end=\"1328\">Prof. Zielen specializes in the treatment of asthma, rare lung diseases, and allergies such as hay fever, insect stings, and peanut allergies. He is a leading expert in hyposensitization, including short-term and rush immunotherapy, as well as sublingual immunotherapy (SLIT).<\/p><h3 data-start=\"1330\" data-end=\"1366\">Asthma treatment in Frankfurt<\/h3><p data-start=\"1368\" data-end=\"1771\">Bronchial asthma is a chronic inflammation of the airways that leads to sudden narrowing of the airways due to mucus production and muscle spasms. Allergies or infections are often the triggers. Treatment is interdisciplinary, involving doctors, nurses, respiratory therapists, physiotherapists, nutritionists, social workers, and psychologists to ensure the best possible care.<\/p><h3 data-start=\"1773\" data-end=\"1815\">Expert in the treatment of ataxia telangiectasia<\/h3><p data-start=\"1817\" data-end=\"2330\" data-is-last-node=\"\" data-is-only-node=\"\">Ataxia Telangiectasia (A-T; OMIM 208900), also known as Louis-Bar syndrome, is a genetic disease with mutations in the ATM gene, which is crucial for numerous immunological, hematopoietic and hormonal processes. Malfunctions of this gene lead to neurological disorders, immunodeficiency, increased susceptibility to cancer and chronic lung problems. Thanks to the experience of Prof. Zielen and his team, the best possible care can be provided to improve the prognosis of affected children.<\/p><\/div>\n\t\t\t\t\t\t\t\t\t<div class=\"elementor-tab-title elementor-tab-mobile-title\" aria-selected=\"false\" data-tab=\"2\" role=\"tab\" tabindex=\"-1\" aria-controls=\"elementor-tab-content-6672\" aria-expanded=\"false\">Cirriculum vitae<\/div>\n\t\t\t\t\t<div id=\"elementor-tab-content-6672\" class=\"elementor-tab-content elementor-clearfix\" data-tab=\"2\" role=\"tabpanel\" aria-labelledby=\"elementor-tab-title-6672\" tabindex=\"0\" hidden=\"hidden\"><h3>Education and academic career<\/h3><table><tbody><tr><td>1968 \u2013 1975<\/td><td>High school in Frankfurt, graduated in 1975<\/td><\/tr><tr><td>1975 \u2013 1983<\/td><td>Medical studies at J. W. v. Goethe University Frankfurt<\/td><\/tr><tr><td>1983<\/td><td>Licensure as a physician<\/td><\/tr><\/tbody><\/table><h3>Qualifications and degrees<\/h3><table><tbody><tr><td>1989<\/td><td>Specialist in Pediatrics<\/td><\/tr><tr><td>1991<\/td><td>Specialist in Allergology<\/td><\/tr><tr><td>1994<\/td><td>Doctorate: T-cell regulation in patients with Common Variable Immunodeficiency<\/td><\/tr><tr><td>1996<\/td><td>Postgraduate training in Pediatric Pulmonology (certified by the Medical Association)<\/td><\/tr><\/tbody><\/table><h3>Professional career<\/h3><table><tbody><tr><td>1985 \u2013 1990<\/td><td>Pediatric Clinic of the J. W. Goethe University<\/td><\/tr><tr><td>1990 \u2013 1991<\/td><td>Research associate at the DKFZ Heidelberg<\/td><\/tr><tr><td>1991 \u2013 1998<\/td><td>Senior Physician in Pediatric Allergology and Pulmonology<\/td><\/tr><tr><td>1998 \u2013 2002<\/td><td>Professor of Pediatrics, Chair of Pediatric Allergology and Pneumology, University of Bonn<\/td><\/tr><tr><td>2002 \u2013 2023<\/td><td>Professor of Pediatrics, Chair of Pediatric Allergology and Pneumology, University of Frankfurt<\/td><\/tr><tr><td>Seit 2023<\/td><td>Professor of Pediatrics and Head of Research at the Institute for Respiratory Diseases (Medaimun GmbH)<\/td><\/tr><\/tbody><\/table><h3>Memberships<\/h3><table><tbody><tr><td>Society for Pediatric Pneumology (GPP)<\/td><\/tr><tr><td>Society for Pediatric Infectiology (DGPI)<\/td><\/tr><tr><td>Association for Pediatric Immunology (API)<\/td><\/tr><tr><td>Society for Pneumology (DGP)<\/td><\/tr><tr><td>Society for Pediatrics (DGKJ)<\/td><\/tr><tr><td>Member of the European Allergy and Clinical Immunology Society (EAACI)<\/td><\/tr><\/tbody><\/table><\/div>\n\t\t\t\t\t\t\t\t\t<div class=\"elementor-tab-title elementor-tab-mobile-title\" aria-selected=\"false\" data-tab=\"3\" role=\"tab\" tabindex=\"-1\" aria-controls=\"elementor-tab-content-6673\" aria-expanded=\"false\">Publications<\/div>\n\t\t\t\t\t<div id=\"elementor-tab-content-6673\" class=\"elementor-tab-content elementor-clearfix\" data-tab=\"3\" role=\"tabpanel\" aria-labelledby=\"elementor-tab-title-6673\" tabindex=\"0\" hidden=\"hidden\"><h3>Publications<\/h3><ol><li><strong>S. Zielen<\/strong>, P. Devillier, J. Heinrich, H. Richter, U. Wahn. <em>Sublingual immunotherapy provides long-term relief in allergic rhinitis and reduces the risk of asthma: A retrospective, real-world database analysis.<\/em> Allergy. 2017<\/li><li>J. Trischler, A. Lieb, M. Arnold, J. Schulze, M. Rosewich, R. Schubert, I. Bottoli, <strong>S. Zielen<\/strong>. <em>Omalizumab effectively protects against early and late allergic responses in asthma after 4 weeks.<\/em> Allergy. 2017.<\/li><li>Koppitz M, Eschenburg C, Salzmann E, Rosewich M, Schubert R, <strong>Zielen S<\/strong>. <em>Mucolytic Effectiveness of Tyloxapol in Chronic Obstructive Pulmonary Disease &#8211; A Double-Blind, Randomized Controlled Trial.<\/em> PLoS One. 2016 16;11(6).<\/li><li><strong>Zielen S<\/strong>, Trischler J, Schubert R. <em>Lipopolysaccharide challenge: immunological effects and safety in humans.<\/em> Expert Rev Clin Immunol. 2015;11(3):409-18.<\/li><li>Schroeder SA, <strong>Zielen S<\/strong>. <em>Infections of the respiratory system in patients with ataxia-telangiectasia.<\/em> Pediatr Pulmonol. 2014; 49(4):389-99.<\/li><li>Rosewich M, Lee D, <strong>Zielen S<\/strong>. <em>Pollinex Quattro: an innovative four injections immunotherapy in allergic rhinitis.<\/em> Hum Vaccin Immunother. 2013;9(7):1523-31.<\/li><li>Rosewich M, Arendt S, El Moussaoui S, Schulze J, Schubert R, <strong>Zielen S<\/strong>. <em>Bronchial allergen provocation: a useful method to assess the efficacy of specific immunotherapy in children.<\/em> Pediatr Allergy Immunol. 2013;24(5):434-40.<\/li><li><strong>Zielen S<\/strong>, Lieb A, De La Motte S, et al. <em>Omalizumab protects against allergen-induced bronchoconstriction in allergic (immunoglobulin E-mediated) asthma.<\/em> Int Arch Allergy Immunol. 2013;160(1):102-10.<\/li><li><strong>Zielen S<\/strong>, Kardos P, Madonini E. <em>Steroid-sparing effects with allergen-specific immunotherapy in children with asthma: a randomized controlled trial.<\/em> J Allergy Clin Immunol. 2010; 126(5):942-9.<\/li><li><strong>Zielen S<\/strong>, Christmann M, Kloska M, et al. <em>Predicting short term response to anti-inflammatory therapy in young children with asthma.<\/em> Curr Med Res Opin. 2010; 26(2):483-92<\/li><\/ol><\/div>\n\t\t\t\t\t\t\t<\/div>\n\t\t<\/div>\n\t\t\t\t\t\t<\/div>\n\t\t\t\t<div class=\"elementor-element elementor-element-b082416 elementor-widget elementor-widget-spacer\" data-id=\"b082416\" data-element_type=\"widget\" data-e-type=\"widget\" data-widget_type=\"spacer.default\">\n\t\t\t\t\t\t\t<div class=\"elementor-spacer\">\n\t\t\t<div class=\"elementor-spacer-inner\"><\/div>\n\t\t<\/div>\n\t\t\t\t\t\t<\/div>\n\t\t\t\t\t<\/div>\n\t\t<\/div>\n\t\t\t\t\t<\/div>\n\t\t<\/section>\n\t\t\t\t<section class=\"elementor-section elementor-top-section elementor-element elementor-element-239461a elementor-section-boxed elementor-section-height-default elementor-section-height-default\" data-id=\"239461a\" data-element_type=\"section\" data-e-type=\"section\" data-settings=\"{&quot;background_background&quot;:&quot;classic&quot;}\">\n\t\t\t\t\t\t<div class=\"elementor-container elementor-column-gap-no\">\n\t\t\t\t\t<div class=\"elementor-column elementor-col-100 elementor-top-column elementor-element elementor-element-014eecf\" data-id=\"014eecf\" data-element_type=\"column\" data-e-type=\"column\">\n\t\t\t<div class=\"elementor-widget-wrap elementor-element-populated\">\n\t\t\t\t\t\t<div class=\"elementor-element elementor-element-13bba20 elementor-widget elementor-widget-heading\" data-id=\"13bba20\" data-element_type=\"widget\" data-e-type=\"widget\" data-widget_type=\"heading.default\">\n\t\t\t\t\t<h2 class=\"elementor-heading-title elementor-size-default\">Schedule an appointment<\/h2>\t\t\t\t<\/div>\n\t\t\t\t<div class=\"elementor-element elementor-element-93737f0 elementor-widget elementor-widget-text-editor\" data-id=\"93737f0\" data-element_type=\"widget\" data-e-type=\"widget\" data-widget_type=\"text-editor.default\">\n\t\t\t\t\t\t\t\t\t<p class=\"translation-block\">Schedule your appointment  with Prof. Dr. Zielen online<\/p>\t\t\t\t\t\t\t\t<\/div>\n\t\t\t\t<div class=\"elementor-element elementor-element-9728be5 elementor-align-center elementor-widget elementor-widget-button\" data-id=\"9728be5\" data-element_type=\"widget\" data-e-type=\"widget\" data-widget_type=\"button.default\">\n\t\t\t\t\t\t\t\t\t\t<a class=\"elementor-button elementor-button-link elementor-size-sm\" href=\"https:\/\/medaimun.de\/en\/termine\/\">\n\t\t\t\t\t\t<span class=\"elementor-button-content-wrapper\">\n\t\t\t\t\t\t\t\t\t<span class=\"elementor-button-text\">Schedule an appointment<\/span>\n\t\t\t\t\t<\/span>\n\t\t\t\t\t<\/a>\n\t\t\t\t\t\t\t\t<\/div>\n\t\t\t\t\t<\/div>\n\t\t<\/div>\n\t\t\t\t\t<\/div>\n\t\t<\/section>\n\t\t\t\t<\/div>","protected":false},"excerpt":{"rendered":"<p>Prof. Dr. med. Zielen Liebe Eltern, liebe Patienten, liebe Besucher, nach mehreren Jahrzehnten klinischer T\u00e4tigkeit an verschiedenen Universit\u00e4ten (Bonn) und Forschungsinstituten (DKFZ Heidelberg), zuletzt als Professor und Chefarzt f\u00fcr Allergologie und Pneumologie an der Kinderklinik der Goethe-Universit\u00e4t, begr\u00fc\u00dfe ich Sie in meiner allergologisch-pneumologischen Privatpraxis f\u00fcr Kinder, Jugendliche und Erwachsene. Es ist mir ein Anliegen, in [&hellip;]<\/p>\n","protected":false},"author":1,"featured_media":0,"parent":0,"menu_order":0,"comment_status":"closed","ping_status":"closed","template":"","meta":{"footnotes":""},"class_list":["post-157","page","type-page","status-publish","hentry"],"yoast_head":"<!-- This site is optimized with the Yoast SEO plugin v27.6 - https:\/\/yoast.com\/product\/yoast-seo-wordpress\/ -->\n<title>Prof. Dr. Zielen - Medaimun<\/title>\n<meta name=\"robots\" content=\"index, follow, max-snippet:-1, max-image-preview:large, max-video-preview:-1\" \/>\n<link rel=\"canonical\" href=\"https:\/\/medaimun.de\/en\/privatpraxis\/\" \/>\n<meta property=\"og:locale\" content=\"en_US\" \/>\n<meta property=\"og:type\" content=\"article\" \/>\n<meta property=\"og:title\" content=\"Prof. Dr. Zielen - Medaimun\" \/>\n<meta property=\"og:description\" content=\"Prof. Dr. med. Zielen Liebe Eltern, liebe Patienten, liebe Besucher, nach mehreren Jahrzehnten klinischer T\u00e4tigkeit an verschiedenen Universit\u00e4ten (Bonn) und Forschungsinstituten (DKFZ Heidelberg), zuletzt als Professor und Chefarzt f\u00fcr Allergologie und Pneumologie an der Kinderklinik der Goethe-Universit\u00e4t, begr\u00fc\u00dfe ich Sie in meiner allergologisch-pneumologischen Privatpraxis f\u00fcr Kinder, Jugendliche und Erwachsene. Es ist mir ein Anliegen, in [&hellip;]\" \/>\n<meta property=\"og:url\" content=\"https:\/\/medaimun.de\/en\/privatpraxis\/\" \/>\n<meta property=\"og:site_name\" content=\"Medaimun\" \/>\n<meta property=\"article:modified_time\" content=\"2025-04-30T13:44:10+00:00\" \/>\n<meta property=\"og:image\" content=\"https:\/\/medaimun.de\/wp-content\/uploads\/2024\/10\/Prof-Stefan-Zielen.jpeg\" \/>\n\t<meta property=\"og:image:width\" content=\"300\" \/>\n\t<meta property=\"og:image:height\" content=\"300\" \/>\n\t<meta property=\"og:image:type\" content=\"image\/jpeg\" \/>\n<meta name=\"twitter:card\" content=\"summary_large_image\" \/>\n<meta name=\"twitter:label1\" content=\"Est. reading time\" \/>\n\t<meta name=\"twitter:data1\" content=\"8 minutes\" \/>\n<script type=\"application\/ld+json\" class=\"yoast-schema-graph\">{\"@context\":\"https:\\\/\\\/schema.org\",\"@graph\":[{\"@type\":\"WebPage\",\"@id\":\"https:\\\/\\\/medaimun.de\\\/privatpraxis\\\/\",\"url\":\"https:\\\/\\\/medaimun.de\\\/privatpraxis\\\/\",\"name\":\"Prof. Dr. Zielen - Medaimun\",\"isPartOf\":{\"@id\":\"https:\\\/\\\/medaimun.de\\\/#website\"},\"primaryImageOfPage\":{\"@id\":\"https:\\\/\\\/medaimun.de\\\/privatpraxis\\\/#primaryimage\"},\"image\":{\"@id\":\"https:\\\/\\\/medaimun.de\\\/privatpraxis\\\/#primaryimage\"},\"thumbnailUrl\":\"https:\\\/\\\/medaimun.de\\\/wp-content\\\/uploads\\\/2024\\\/10\\\/Prof-Stefan-Zielen.jpeg\",\"datePublished\":\"2024-10-23T12:57:41+00:00\",\"dateModified\":\"2025-04-30T13:44:10+00:00\",\"breadcrumb\":{\"@id\":\"https:\\\/\\\/medaimun.de\\\/privatpraxis\\\/#breadcrumb\"},\"inLanguage\":\"en-US\",\"potentialAction\":[{\"@type\":\"ReadAction\",\"target\":[\"https:\\\/\\\/medaimun.de\\\/privatpraxis\\\/\"]}]},{\"@type\":\"ImageObject\",\"inLanguage\":\"en-US\",\"@id\":\"https:\\\/\\\/medaimun.de\\\/privatpraxis\\\/#primaryimage\",\"url\":\"https:\\\/\\\/medaimun.de\\\/wp-content\\\/uploads\\\/2024\\\/10\\\/Prof-Stefan-Zielen.jpeg\",\"contentUrl\":\"https:\\\/\\\/medaimun.de\\\/wp-content\\\/uploads\\\/2024\\\/10\\\/Prof-Stefan-Zielen.jpeg\"},{\"@type\":\"BreadcrumbList\",\"@id\":\"https:\\\/\\\/medaimun.de\\\/privatpraxis\\\/#breadcrumb\",\"itemListElement\":[{\"@type\":\"ListItem\",\"position\":1,\"name\":\"Startseite\",\"item\":\"https:\\\/\\\/medaimun.de\\\/de\\\/\"},{\"@type\":\"ListItem\",\"position\":2,\"name\":\"Prof. Dr. Zielen\"}]},{\"@type\":\"WebSite\",\"@id\":\"https:\\\/\\\/medaimun.de\\\/#website\",\"url\":\"https:\\\/\\\/medaimun.de\\\/\",\"name\":\"Medaimun\",\"description\":\"\",\"potentialAction\":[{\"@type\":\"SearchAction\",\"target\":{\"@type\":\"EntryPoint\",\"urlTemplate\":\"https:\\\/\\\/medaimun.de\\\/?s={search_term_string}\"},\"query-input\":{\"@type\":\"PropertyValueSpecification\",\"valueRequired\":true,\"valueName\":\"search_term_string\"}}],\"inLanguage\":\"en-US\"}]}<\/script>\n<!-- \/ Yoast SEO plugin. -->","yoast_head_json":{"title":"Prof. Dr. Zielen - Medaimun","robots":{"index":"index","follow":"follow","max-snippet":"max-snippet:-1","max-image-preview":"max-image-preview:large","max-video-preview":"max-video-preview:-1"},"canonical":"https:\/\/medaimun.de\/en\/privatpraxis\/","og_locale":"en_US","og_type":"article","og_title":"Prof. Dr. Zielen - Medaimun","og_description":"Prof. Dr. med. Zielen Liebe Eltern, liebe Patienten, liebe Besucher, nach mehreren Jahrzehnten klinischer T\u00e4tigkeit an verschiedenen Universit\u00e4ten (Bonn) und Forschungsinstituten (DKFZ Heidelberg), zuletzt als Professor und Chefarzt f\u00fcr Allergologie und Pneumologie an der Kinderklinik der Goethe-Universit\u00e4t, begr\u00fc\u00dfe ich Sie in meiner allergologisch-pneumologischen Privatpraxis f\u00fcr Kinder, Jugendliche und Erwachsene. Es ist mir ein Anliegen, in [&hellip;]","og_url":"https:\/\/medaimun.de\/en\/privatpraxis\/","og_site_name":"Medaimun","article_modified_time":"2025-04-30T13:44:10+00:00","og_image":[{"width":300,"height":300,"url":"https:\/\/medaimun.de\/wp-content\/uploads\/2024\/10\/Prof-Stefan-Zielen.jpeg","type":"image\/jpeg"}],"twitter_card":"summary_large_image","twitter_misc":{"Est. reading time":"8 minutes"},"schema":{"@context":"https:\/\/schema.org","@graph":[{"@type":"WebPage","@id":"https:\/\/medaimun.de\/privatpraxis\/","url":"https:\/\/medaimun.de\/privatpraxis\/","name":"Prof. Dr. Zielen - Medaimun","isPartOf":{"@id":"https:\/\/medaimun.de\/#website"},"primaryImageOfPage":{"@id":"https:\/\/medaimun.de\/privatpraxis\/#primaryimage"},"image":{"@id":"https:\/\/medaimun.de\/privatpraxis\/#primaryimage"},"thumbnailUrl":"https:\/\/medaimun.de\/wp-content\/uploads\/2024\/10\/Prof-Stefan-Zielen.jpeg","datePublished":"2024-10-23T12:57:41+00:00","dateModified":"2025-04-30T13:44:10+00:00","breadcrumb":{"@id":"https:\/\/medaimun.de\/privatpraxis\/#breadcrumb"},"inLanguage":"en-US","potentialAction":[{"@type":"ReadAction","target":["https:\/\/medaimun.de\/privatpraxis\/"]}]},{"@type":"ImageObject","inLanguage":"en-US","@id":"https:\/\/medaimun.de\/privatpraxis\/#primaryimage","url":"https:\/\/medaimun.de\/wp-content\/uploads\/2024\/10\/Prof-Stefan-Zielen.jpeg","contentUrl":"https:\/\/medaimun.de\/wp-content\/uploads\/2024\/10\/Prof-Stefan-Zielen.jpeg"},{"@type":"BreadcrumbList","@id":"https:\/\/medaimun.de\/privatpraxis\/#breadcrumb","itemListElement":[{"@type":"ListItem","position":1,"name":"Startseite","item":"https:\/\/medaimun.de\/de\/"},{"@type":"ListItem","position":2,"name":"Prof. Dr. Zielen"}]},{"@type":"WebSite","@id":"https:\/\/medaimun.de\/#website","url":"https:\/\/medaimun.de\/","name":"Medaimun","description":"","potentialAction":[{"@type":"SearchAction","target":{"@type":"EntryPoint","urlTemplate":"https:\/\/medaimun.de\/?s={search_term_string}"},"query-input":{"@type":"PropertyValueSpecification","valueRequired":true,"valueName":"search_term_string"}}],"inLanguage":"en-US"}]}},"_links":{"self":[{"href":"https:\/\/medaimun.de\/en\/wp-json\/wp\/v2\/pages\/157","targetHints":{"allow":["GET"]}}],"collection":[{"href":"https:\/\/medaimun.de\/en\/wp-json\/wp\/v2\/pages"}],"about":[{"href":"https:\/\/medaimun.de\/en\/wp-json\/wp\/v2\/types\/page"}],"author":[{"embeddable":true,"href":"https:\/\/medaimun.de\/en\/wp-json\/wp\/v2\/users\/1"}],"replies":[{"embeddable":true,"href":"https:\/\/medaimun.de\/en\/wp-json\/wp\/v2\/comments?post=157"}],"version-history":[{"count":3,"href":"https:\/\/medaimun.de\/en\/wp-json\/wp\/v2\/pages\/157\/revisions"}],"predecessor-version":[{"id":5638,"href":"https:\/\/medaimun.de\/en\/wp-json\/wp\/v2\/pages\/157\/revisions\/5638"}],"wp:attachment":[{"href":"https:\/\/medaimun.de\/en\/wp-json\/wp\/v2\/media?parent=157"}],"curies":[{"name":"wp","href":"https:\/\/api.w.org\/{rel}","templated":true}]}}