{"id":4159,"date":"2025-04-03T12:01:26","date_gmt":"2025-04-03T10:01:26","guid":{"rendered":"https:\/\/medaimun.de\/?page_id=4159"},"modified":"2025-04-30T15:58:06","modified_gmt":"2025-04-30T13:58:06","slug":"impressum","status":"publish","type":"page","link":"https:\/\/medaimun.de\/de\/impressum\/","title":{"rendered":"Impressum"},"content":{"rendered":"<style>.elementor-4159 .elementor-element.elementor-element-de4db59 > .elementor-container{max-width:1200px;}.elementor-4159 .elementor-element.elementor-element-de4db59:not(.elementor-motion-effects-element-type-background), .elementor-4159 .elementor-element.elementor-element-de4db59 > .elementor-motion-effects-container > .elementor-motion-effects-layer{background-color:var( --e-global-color-secondary );background-image:url(\"https:\/\/medaimun.de\/wp-content\/uploads\/2025\/04\/Running-Header-Basic-Soft-v2.svg\");background-repeat:no-repeat;background-size:cover;}.elementor-4159 .elementor-element.elementor-element-de4db59 > .elementor-background-overlay{background-color:#F8F8F8;opacity:0;transition:background 0.3s, border-radius 0.3s, opacity 0.3s;}.elementor-4159 .elementor-element.elementor-element-de4db59 .elementor-background-overlay{filter:brightness( 100% ) contrast( 100% ) saturate( 100% ) blur( 0px ) hue-rotate( 0deg );}.elementor-4159 .elementor-element.elementor-element-de4db59{transition:background 0.3s, border 0.3s, border-radius 0.3s, box-shadow 0.3s;margin-top:-140px;margin-bottom:0px;padding:280px 0px 100px 0px;}.elementor-4159 .elementor-element.elementor-element-21b5d3f.elementor-column > .elementor-widget-wrap{justify-content:center;}.elementor-4159 .elementor-element.elementor-element-ec6b41f{text-align:center;}.elementor-4159 .elementor-element.elementor-element-ec6b41f .elementor-heading-title{font-family:var( --e-global-typography-6536d55-font-family ), Sans-serif;font-size:var( --e-global-typography-6536d55-font-size );font-weight:var( --e-global-typography-6536d55-font-weight );text-transform:var( --e-global-typography-6536d55-text-transform );line-height:var( --e-global-typography-6536d55-line-height );letter-spacing:var( --e-global-typography-6536d55-letter-spacing );word-spacing:var( --e-global-typography-6536d55-word-spacing );color:var( --e-global-color-primary );}.elementor-4159 .elementor-element.elementor-element-dcadeba{margin-top:30px;margin-bottom:20px;}.elementor-4159 .elementor-element.elementor-element-6cd1362{text-align:start;margin:0px 45px calc(var(--kit-widget-spacing, 0px) + 0px) 45px;width:var( --container-widget-width, 99.999% );max-width:99.999%;--container-widget-width:99.999%;--container-widget-flex-grow:0;}.elementor-4159 .elementor-element.elementor-element-3f5ac80{--spacer-size:50px;}:root{--page-title-display:none;}@media(min-width:768px){.elementor-4159 .elementor-element.elementor-element-c9cc8cd{width:20%;}.elementor-4159 .elementor-element.elementor-element-364e684{width:59.333%;}.elementor-4159 .elementor-element.elementor-element-7c52ae8{width:20%;}}@media(max-width:1024px){.elementor-4159 .elementor-element.elementor-element-ec6b41f .elementor-heading-title{font-size:var( --e-global-typography-6536d55-font-size );line-height:var( --e-global-typography-6536d55-line-height );letter-spacing:var( --e-global-typography-6536d55-letter-spacing );word-spacing:var( --e-global-typography-6536d55-word-spacing );}}@media(max-width:767px){.elementor-4159 .elementor-element.elementor-element-ec6b41f .elementor-heading-title{font-size:var( --e-global-typography-6536d55-font-size );line-height:var( --e-global-typography-6536d55-line-height );letter-spacing:var( --e-global-typography-6536d55-letter-spacing );word-spacing:var( --e-global-typography-6536d55-word-spacing );}.elementor-4159 .elementor-element.elementor-element-dcadeba{margin-top:0px;margin-bottom:0px;}.elementor-4159 .elementor-element.elementor-element-6cd1362{margin:20px 20px calc(var(--kit-widget-spacing, 0px) + 20px) 20px;padding:0px 0px 0px 20px;}}<\/style>\t\t<div data-elementor-type=\"wp-page\" data-elementor-id=\"4159\" class=\"elementor elementor-4159\" data-elementor-post-type=\"page\">\n\t\t\t\t\t\t<section class=\"elementor-section elementor-top-section elementor-element elementor-element-de4db59 elementor-section-boxed elementor-section-height-default elementor-section-height-default\" data-id=\"de4db59\" data-element_type=\"section\" data-e-type=\"section\" data-settings=\"{&quot;background_background&quot;:&quot;classic&quot;}\">\n\t\t\t\t\t\t\t<div class=\"elementor-background-overlay\"><\/div>\n\t\t\t\t\t\t\t<div class=\"elementor-container elementor-column-gap-no\">\n\t\t\t\t\t<div class=\"elementor-column elementor-col-100 elementor-top-column elementor-element elementor-element-21b5d3f\" data-id=\"21b5d3f\" data-element_type=\"column\" data-e-type=\"column\">\n\t\t\t<div class=\"elementor-widget-wrap elementor-element-populated\">\n\t\t\t\t\t\t\t<\/div>\n\t\t<\/div>\n\t\t\t\t\t<\/div>\n\t\t<\/section>\n\t\t\t\t<section class=\"elementor-section elementor-top-section elementor-element elementor-element-dcadeba elementor-section-full_width elementor-section-height-default elementor-section-height-default\" data-id=\"dcadeba\" data-element_type=\"section\" data-e-type=\"section\">\n\t\t\t\t\t\t<div class=\"elementor-container elementor-column-gap-no\">\n\t\t\t\t\t<div class=\"elementor-column elementor-col-33 elementor-top-column elementor-element elementor-element-c9cc8cd\" data-id=\"c9cc8cd\" data-element_type=\"column\" data-e-type=\"column\">\n\t\t\t<div class=\"elementor-widget-wrap\">\n\t\t\t\t\t\t\t<\/div>\n\t\t<\/div>\n\t\t\t\t<div class=\"elementor-column elementor-col-33 elementor-top-column elementor-element elementor-element-364e684\" data-id=\"364e684\" data-element_type=\"column\" data-e-type=\"column\">\n\t\t\t<div class=\"elementor-widget-wrap elementor-element-populated\">\n\t\t\t\t\t\t<div class=\"elementor-element elementor-element-6cd1362 elementor-widget__width-initial elementor-widget elementor-widget-text-editor\" data-id=\"6cd1362\" data-element_type=\"widget\" data-e-type=\"widget\" data-widget_type=\"text-editor.default\">\n\t\t\t\t\t\t\t\t\t<p>Diese Seite wird von Medaimun GmbH betrieben. Die Inhalte dieser Seite d\u00fcrfen nur mit ausdr\u00fccklicher Genehmigung des Betreibers weiterverwendet werden. F\u00fcr die Inhalte der gelinkten Seite auf dieser Webseite \u00fcbernehmen wir keine Haftung. Dies gilt f\u00fcr s\u00e4mtliche Links und Link-Sammlungen, die zur Zeit bestehen oder in Zukunft bestehen werden.<\/p><p><strong>Medaimun GmbH<\/strong><br \/>Kennedyallee 97a<br \/>60596 Frankfurt am Main<\/p><p>Fon 069\/69 59 58 90-0<br \/>Fax 069\/69 59 58 90-9<br \/>E-Mail: info@medaimun.de<\/p><p>Gesch\u00e4ftsf\u00fchrer: Karin Zielen<\/p><p>USt-IdNr.: DE259024477<br \/>Amtsgericht Frankfurt a. M., HRB Nr. 82716<\/p>\t\t\t\t\t\t\t\t<\/div>\n\t\t\t\t<div class=\"elementor-element elementor-element-3f5ac80 elementor-widget elementor-widget-spacer\" data-id=\"3f5ac80\" data-element_type=\"widget\" data-e-type=\"widget\" data-widget_type=\"spacer.default\">\n\t\t\t\t\t\t\t<div class=\"elementor-spacer\">\n\t\t\t<div class=\"elementor-spacer-inner\"><\/div>\n\t\t<\/div>\n\t\t\t\t\t\t<\/div>\n\t\t\t\t\t<\/div>\n\t\t<\/div>\n\t\t\t\t<div class=\"elementor-column elementor-col-33 elementor-top-column elementor-element elementor-element-7c52ae8\" data-id=\"7c52ae8\" data-element_type=\"column\" data-e-type=\"column\">\n\t\t\t<div class=\"elementor-widget-wrap\">\n\t\t\t\t\t\t\t<\/div>\n\t\t<\/div>\n\t\t\t\t\t<\/div>\n\t\t<\/section>\n\t\t\t\t<\/div>\n\t\t","protected":false},"excerpt":{"rendered":"<p>Diese Seite wird von Medaimun GmbH betrieben. Die Inhalte dieser Seite d\u00fcrfen nur mit ausdr\u00fccklicher Genehmigung des Betreibers weiterverwendet werden. F\u00fcr die Inhalte der gelinkten Seite auf dieser Webseite \u00fcbernehmen wir keine Haftung. Dies gilt f\u00fcr s\u00e4mtliche Links und Link-Sammlungen, die zur Zeit bestehen oder in Zukunft bestehen werden. Medaimun GmbHKennedyallee 97a60596 Frankfurt am Main [&hellip;]<\/p>\n","protected":false},"author":1,"featured_media":0,"parent":0,"menu_order":0,"comment_status":"closed","ping_status":"closed","template":"","meta":{"footnotes":""},"class_list":["post-4159","page","type-page","status-publish","hentry"],"yoast_head":"<!-- This site is optimized with the Yoast SEO plugin v27.3 - https:\/\/yoast.com\/product\/yoast-seo-wordpress\/ -->\n<title>Impressum - Medaimun<\/title>\n<meta name=\"robots\" content=\"index, follow, max-snippet:-1, max-image-preview:large, max-video-preview:-1\" \/>\n<link rel=\"canonical\" href=\"https:\/\/medaimun.de\/de\/impressum\/\" \/>\n<meta property=\"og:locale\" content=\"de_DE\" \/>\n<meta property=\"og:type\" content=\"article\" \/>\n<meta property=\"og:title\" content=\"Impressum - Medaimun\" \/>\n<meta property=\"og:description\" content=\"Diese Seite wird von Medaimun GmbH betrieben. Die Inhalte dieser Seite d\u00fcrfen nur mit ausdr\u00fccklicher Genehmigung des Betreibers weiterverwendet werden. F\u00fcr die Inhalte der gelinkten Seite auf dieser Webseite \u00fcbernehmen wir keine Haftung. Dies gilt f\u00fcr s\u00e4mtliche Links und Link-Sammlungen, die zur Zeit bestehen oder in Zukunft bestehen werden. Medaimun GmbHKennedyallee 97a60596 Frankfurt am Main [&hellip;]\" \/>\n<meta property=\"og:url\" content=\"https:\/\/medaimun.de\/de\/impressum\/\" \/>\n<meta property=\"og:site_name\" content=\"Medaimun\" \/>\n<meta property=\"article:modified_time\" content=\"2025-04-30T13:58:06+00:00\" \/>\n<meta name=\"twitter:card\" content=\"summary_large_image\" \/>\n<meta name=\"twitter:label1\" content=\"Gesch\u00e4tzte Lesezeit\" \/>\n\t<meta name=\"twitter:data1\" content=\"1\u00a0Minute\" \/>\n<script type=\"application\/ld+json\" class=\"yoast-schema-graph\">{\"@context\":\"https:\\\/\\\/schema.org\",\"@graph\":[{\"@type\":\"WebPage\",\"@id\":\"https:\\\/\\\/medaimun.de\\\/impressum\\\/\",\"url\":\"https:\\\/\\\/medaimun.de\\\/impressum\\\/\",\"name\":\"Impressum - Medaimun\",\"isPartOf\":{\"@id\":\"https:\\\/\\\/medaimun.de\\\/#website\"},\"datePublished\":\"2025-04-03T10:01:26+00:00\",\"dateModified\":\"2025-04-30T13:58:06+00:00\",\"breadcrumb\":{\"@id\":\"https:\\\/\\\/medaimun.de\\\/impressum\\\/#breadcrumb\"},\"inLanguage\":\"de\",\"potentialAction\":[{\"@type\":\"ReadAction\",\"target\":[\"https:\\\/\\\/medaimun.de\\\/impressum\\\/\"]}]},{\"@type\":\"BreadcrumbList\",\"@id\":\"https:\\\/\\\/medaimun.de\\\/impressum\\\/#breadcrumb\",\"itemListElement\":[{\"@type\":\"ListItem\",\"position\":1,\"name\":\"Startseite\",\"item\":\"https:\\\/\\\/medaimun.de\\\/\"},{\"@type\":\"ListItem\",\"position\":2,\"name\":\"Impressum\"}]},{\"@type\":\"WebSite\",\"@id\":\"https:\\\/\\\/medaimun.de\\\/#website\",\"url\":\"https:\\\/\\\/medaimun.de\\\/\",\"name\":\"Medaimun\",\"description\":\"\",\"potentialAction\":[{\"@type\":\"SearchAction\",\"target\":{\"@type\":\"EntryPoint\",\"urlTemplate\":\"https:\\\/\\\/medaimun.de\\\/?s={search_term_string}\"},\"query-input\":{\"@type\":\"PropertyValueSpecification\",\"valueRequired\":true,\"valueName\":\"search_term_string\"}}],\"inLanguage\":\"de\"}]}<\/script>\n<!-- \/ Yoast SEO plugin. -->","yoast_head_json":{"title":"Impressum - Medaimun","robots":{"index":"index","follow":"follow","max-snippet":"max-snippet:-1","max-image-preview":"max-image-preview:large","max-video-preview":"max-video-preview:-1"},"canonical":"https:\/\/medaimun.de\/de\/impressum\/","og_locale":"de_DE","og_type":"article","og_title":"Impressum - Medaimun","og_description":"Diese Seite wird von Medaimun GmbH betrieben. Die Inhalte dieser Seite d\u00fcrfen nur mit ausdr\u00fccklicher Genehmigung des Betreibers weiterverwendet werden. F\u00fcr die Inhalte der gelinkten Seite auf dieser Webseite \u00fcbernehmen wir keine Haftung. Dies gilt f\u00fcr s\u00e4mtliche Links und Link-Sammlungen, die zur Zeit bestehen oder in Zukunft bestehen werden. Medaimun GmbHKennedyallee 97a60596 Frankfurt am Main [&hellip;]","og_url":"https:\/\/medaimun.de\/de\/impressum\/","og_site_name":"Medaimun","article_modified_time":"2025-04-30T13:58:06+00:00","twitter_card":"summary_large_image","twitter_misc":{"Gesch\u00e4tzte Lesezeit":"1\u00a0Minute"},"schema":{"@context":"https:\/\/schema.org","@graph":[{"@type":"WebPage","@id":"https:\/\/medaimun.de\/impressum\/","url":"https:\/\/medaimun.de\/impressum\/","name":"Impressum - Medaimun","isPartOf":{"@id":"https:\/\/medaimun.de\/#website"},"datePublished":"2025-04-03T10:01:26+00:00","dateModified":"2025-04-30T13:58:06+00:00","breadcrumb":{"@id":"https:\/\/medaimun.de\/impressum\/#breadcrumb"},"inLanguage":"de","potentialAction":[{"@type":"ReadAction","target":["https:\/\/medaimun.de\/impressum\/"]}]},{"@type":"BreadcrumbList","@id":"https:\/\/medaimun.de\/impressum\/#breadcrumb","itemListElement":[{"@type":"ListItem","position":1,"name":"Startseite","item":"https:\/\/medaimun.de\/"},{"@type":"ListItem","position":2,"name":"Impressum"}]},{"@type":"WebSite","@id":"https:\/\/medaimun.de\/#website","url":"https:\/\/medaimun.de\/","name":"Medaimun","description":"","potentialAction":[{"@type":"SearchAction","target":{"@type":"EntryPoint","urlTemplate":"https:\/\/medaimun.de\/?s={search_term_string}"},"query-input":{"@type":"PropertyValueSpecification","valueRequired":true,"valueName":"search_term_string"}}],"inLanguage":"de"}]}},"_links":{"self":[{"href":"https:\/\/medaimun.de\/de\/wp-json\/wp\/v2\/pages\/4159","targetHints":{"allow":["GET"]}}],"collection":[{"href":"https:\/\/medaimun.de\/de\/wp-json\/wp\/v2\/pages"}],"about":[{"href":"https:\/\/medaimun.de\/de\/wp-json\/wp\/v2\/types\/page"}],"author":[{"embeddable":true,"href":"https:\/\/medaimun.de\/de\/wp-json\/wp\/v2\/users\/1"}],"replies":[{"embeddable":true,"href":"https:\/\/medaimun.de\/de\/wp-json\/wp\/v2\/comments?post=4159"}],"version-history":[{"count":3,"href":"https:\/\/medaimun.de\/de\/wp-json\/wp\/v2\/pages\/4159\/revisions"}],"predecessor-version":[{"id":5679,"href":"https:\/\/medaimun.de\/de\/wp-json\/wp\/v2\/pages\/4159\/revisions\/5679"}],"wp:attachment":[{"href":"https:\/\/medaimun.de\/de\/wp-json\/wp\/v2\/media?parent=4159"}],"curies":[{"name":"wp","href":"https:\/\/api.w.org\/{rel}","templated":true}]}}