{"id":395,"date":"2024-11-25T09:19:58","date_gmt":"2024-11-25T08:19:58","guid":{"rendered":"https:\/\/medaimun.de\/?page_id=395"},"modified":"2025-06-25T16:47:08","modified_gmt":"2025-06-25T14:47:08","slug":"termine","status":"publish","type":"page","link":"https:\/\/medaimun.de\/de\/termine\/","title":{"rendered":"Online Terminvergabe"},"content":{"rendered":"\t\t<div data-elementor-type=\"wp-page\" data-elementor-id=\"395\" class=\"elementor elementor-395\" data-elementor-post-type=\"page\">\n\t\t\t\t\t\t<section class=\"elementor-section elementor-top-section elementor-element elementor-element-1c5dac7 elementor-section-boxed elementor-section-height-default elementor-section-height-default\" data-id=\"1c5dac7\" data-element_type=\"section\" data-e-type=\"section\" data-settings=\"{&quot;background_background&quot;:&quot;classic&quot;}\">\n\t\t\t\t\t\t\t<div class=\"elementor-background-overlay\"><\/div>\n\t\t\t\t\t\t\t<div class=\"elementor-container elementor-column-gap-no\">\n\t\t\t\t\t<div class=\"elementor-column elementor-col-100 elementor-top-column elementor-element elementor-element-cdd83fe\" data-id=\"cdd83fe\" data-element_type=\"column\" data-e-type=\"column\">\n\t\t\t<div class=\"elementor-widget-wrap elementor-element-populated\">\n\t\t\t\t\t\t\t<\/div>\n\t\t<\/div>\n\t\t\t\t\t<\/div>\n\t\t<\/section>\n\t\t\t\t<section class=\"elementor-section elementor-top-section elementor-element elementor-element-6b97a3d0 elementor-section-boxed elementor-section-height-default elementor-section-height-default\" data-id=\"6b97a3d0\" data-element_type=\"section\" data-e-type=\"section\">\n\t\t\t\t\t\t\t<div class=\"elementor-background-overlay\"><\/div>\n\t\t\t\t\t\t\t<div class=\"elementor-container elementor-column-gap-no\">\n\t\t\t\t\t<div class=\"elementor-column elementor-col-100 elementor-top-column elementor-element elementor-element-43b43ec5\" data-id=\"43b43ec5\" data-element_type=\"column\" data-e-type=\"column\">\n\t\t\t<div class=\"elementor-widget-wrap elementor-element-populated\">\n\t\t\t\t\t\t<div class=\"elementor-element elementor-element-2aaac923 elementor-widget elementor-widget-heading\" data-id=\"2aaac923\" data-element_type=\"widget\" data-e-type=\"widget\" data-widget_type=\"heading.default\">\n\t\t\t\t\t<h2 class=\"elementor-heading-title elementor-size-default\">Willkommen bei der Online Terminvergabe <br>f\u00fcr die Privatsprechstunde von Prof. Dr. Zielen<\/h2>\t\t\t\t<\/div>\n\t\t\t\t<div class=\"elementor-element elementor-element-4848e4bd elementor-widget elementor-widget-text-editor\" data-id=\"4848e4bd\" data-element_type=\"widget\" data-e-type=\"widget\" data-widget_type=\"text-editor.default\">\n\t\t\t\t\t\t\t\t\t<p>Bei dringenden Anliegen schreiben Sie uns am besten eine E-Mail<br \/>an praxis @ medaimun.de oder rufen Sie uns unter der 069 69 59 58 90 12 an.<\/p><p><strong>Achtung: Selbstzahler k\u00f6nnen Termine leider nur \u00fcber das Telefon buchen.<\/strong><\/p>\t\t\t\t\t\t\t\t<\/div>\n\t\t\t\t<div class=\"elementor-element elementor-element-c36dd16 elementor-widget elementor-widget-text-editor\" data-id=\"c36dd16\" data-element_type=\"widget\" data-e-type=\"widget\" data-widget_type=\"text-editor.default\">\n\t\t\t\t\t\t\t\t\t<p><strong>Hinweis zur Terminbuchung:<\/strong><br \/>1) W\u00e4hlen Sie erst den Besuchsgrund in der Eingabemaske aus. Ist der Termin f\u00fcr Patienten \u00e4lter als 4 Jahre, oder f\u00fcr kleine Kinder?<\/p><p>2) Lassen Sie sich in der Maske den n\u00e4chsten freien Termin anzeigen, oder navigieren Sie zu Ihrem Wunschdatum. Die Sprechstunden-Tage sind Dienstag, Mittwoch und Freitag. F\u00fcr Kinder unter 4 stehen nur Dienstagmittag und Freitagvormittag Termine zur Verf\u00fcgung (Aussnahmen nur nach Absprache).<\/p><p>3) W\u00e4hlen Sie Ihre Wunschuhrzeit aus.<\/p><p>4) Geben Sie nun alle ben\u00f6tigten Daten an und buchen Sie den Termin \u00fcber unseren Dienstleister Doctena.<\/p><h5>Ihr Termin liegt zu weit in der Zukunft?<\/h5><div>Dann tragen Sie sich auf die Warteliste ein, um Benachrichtigt zu werden, wenn ein fr\u00fcherer Termin frei wird. <a href=\"\/warteliste\/\">Hier k\u00f6nnen Sie sich eine Anleitung dazu anschauen!<\/a><\/div>\t\t\t\t\t\t\t\t<\/div>\n\t\t\t\t\t<\/div>\n\t\t<\/div>\n\t\t\t\t\t<\/div>\n\t\t<\/section>\n\t\t\t\t<section class=\"elementor-section elementor-top-section elementor-element elementor-element-404cdd5 elementor-section-boxed elementor-section-height-default elementor-section-height-default\" data-id=\"404cdd5\" data-element_type=\"section\" data-e-type=\"section\">\n\t\t\t\t\t\t<div class=\"elementor-container elementor-column-gap-default\">\n\t\t\t\t\t<div class=\"elementor-column elementor-col-100 elementor-top-column elementor-element elementor-element-a61dfaf\" data-id=\"a61dfaf\" data-element_type=\"column\" data-e-type=\"column\">\n\t\t\t<div class=\"elementor-widget-wrap elementor-element-populated\">\n\t\t\t\t\t\t<div class=\"elementor-element elementor-element-324c953 elementor-widget elementor-widget-html\" data-id=\"324c953\" data-element_type=\"widget\" data-e-type=\"widget\" data-no-translation=\"\" data-widget_type=\"html.default\">\n\t\t\t\t\t<section data-toggle=\"doc-calendar\" data-picture=\"1\" data-doctor-eid=\"87cc36ef-fe59-4997-8ce6-d286f4df61f7\" data-language=\"de\"><\/section>\n<script src=\"https:\/\/api.patient.doctena.de\/js\/widgetBooking\/calendar\/build.php\"><\/script>\n\t\t\t\t<\/div>\n\t\t\t\t<div class=\"elementor-element elementor-element-e564677 elementor-widget elementor-widget-html\" data-id=\"e564677\" data-element_type=\"widget\" data-e-type=\"widget\" data-no-translation=\"\" data-widget_type=\"html.default\">\n\t\t\t\t\t<style>.elementor-element-e564677{display:none !important}<\/style>\t\t\t\t<\/div>\n\t\t\t\t\t<\/div>\n\t\t<\/div>\n\t\t\t\t\t<\/div>\n\t\t<\/section>\n\t\t\t\t<\/div>\n\t\t","protected":false},"excerpt":{"rendered":"<p>Willkommen bei der Online Terminvergabe f\u00fcr die Privatsprechstunde von Prof. Dr. Zielen Bei dringenden Anliegen schreiben Sie uns am besten eine E-Mailan praxis @ medaimun.de oder rufen Sie uns unter der 069 69 59 58 90 12 an. Achtung: Selbstzahler k\u00f6nnen Termine leider nur \u00fcber das Telefon buchen. Hinweis zur Terminbuchung:1) W\u00e4hlen Sie erst den [&hellip;]<\/p>\n","protected":false},"author":1,"featured_media":0,"parent":0,"menu_order":0,"comment_status":"closed","ping_status":"closed","template":"","meta":{"footnotes":""},"class_list":["post-395","page","type-page","status-publish","hentry"],"yoast_head":"<!-- This site is optimized with the Yoast SEO plugin v27.4 - https:\/\/yoast.com\/product\/yoast-seo-wordpress\/ -->\n<title>Online Terminvergabe - Medaimun<\/title>\n<meta name=\"robots\" content=\"index, follow, max-snippet:-1, max-image-preview:large, max-video-preview:-1\" \/>\n<link rel=\"canonical\" href=\"https:\/\/medaimun.de\/de\/termine\/\" \/>\n<meta property=\"og:locale\" content=\"de_DE\" \/>\n<meta property=\"og:type\" content=\"article\" \/>\n<meta property=\"og:title\" content=\"Online Terminvergabe - Medaimun\" \/>\n<meta property=\"og:description\" content=\"Willkommen bei der Online Terminvergabe f\u00fcr die Privatsprechstunde von Prof. Dr. Zielen Bei dringenden Anliegen schreiben Sie uns am besten eine E-Mailan praxis @ medaimun.de oder rufen Sie uns unter der 069 69 59 58 90 12 an. Achtung: Selbstzahler k\u00f6nnen Termine leider nur \u00fcber das Telefon buchen. Hinweis zur Terminbuchung:1) W\u00e4hlen Sie erst den [&hellip;]\" \/>\n<meta property=\"og:url\" content=\"https:\/\/medaimun.de\/de\/termine\/\" \/>\n<meta property=\"og:site_name\" content=\"Medaimun\" \/>\n<meta property=\"article:modified_time\" content=\"2025-06-25T14:47:08+00:00\" \/>\n<meta name=\"twitter:card\" content=\"summary_large_image\" \/>\n<meta name=\"twitter:label1\" content=\"Gesch\u00e4tzte Lesezeit\" \/>\n\t<meta name=\"twitter:data1\" content=\"1\u00a0Minute\" \/>\n<script type=\"application\/ld+json\" class=\"yoast-schema-graph\">{\"@context\":\"https:\\\/\\\/schema.org\",\"@graph\":[{\"@type\":\"WebPage\",\"@id\":\"https:\\\/\\\/medaimun.de\\\/termine\\\/\",\"url\":\"https:\\\/\\\/medaimun.de\\\/termine\\\/\",\"name\":\"Online Terminvergabe - Medaimun\",\"isPartOf\":{\"@id\":\"https:\\\/\\\/medaimun.de\\\/#website\"},\"datePublished\":\"2024-11-25T08:19:58+00:00\",\"dateModified\":\"2025-06-25T14:47:08+00:00\",\"breadcrumb\":{\"@id\":\"https:\\\/\\\/medaimun.de\\\/termine\\\/#breadcrumb\"},\"inLanguage\":\"de\",\"potentialAction\":[{\"@type\":\"ReadAction\",\"target\":[\"https:\\\/\\\/medaimun.de\\\/termine\\\/\"]}]},{\"@type\":\"BreadcrumbList\",\"@id\":\"https:\\\/\\\/medaimun.de\\\/termine\\\/#breadcrumb\",\"itemListElement\":[{\"@type\":\"ListItem\",\"position\":1,\"name\":\"Startseite\",\"item\":\"https:\\\/\\\/medaimun.de\\\/\"},{\"@type\":\"ListItem\",\"position\":2,\"name\":\"Online Terminvergabe\"}]},{\"@type\":\"WebSite\",\"@id\":\"https:\\\/\\\/medaimun.de\\\/#website\",\"url\":\"https:\\\/\\\/medaimun.de\\\/\",\"name\":\"Medaimun\",\"description\":\"\",\"potentialAction\":[{\"@type\":\"SearchAction\",\"target\":{\"@type\":\"EntryPoint\",\"urlTemplate\":\"https:\\\/\\\/medaimun.de\\\/?s={search_term_string}\"},\"query-input\":{\"@type\":\"PropertyValueSpecification\",\"valueRequired\":true,\"valueName\":\"search_term_string\"}}],\"inLanguage\":\"de\"}]}<\/script>\n<!-- \/ Yoast SEO plugin. -->","yoast_head_json":{"title":"Online Terminvergabe - Medaimun","robots":{"index":"index","follow":"follow","max-snippet":"max-snippet:-1","max-image-preview":"max-image-preview:large","max-video-preview":"max-video-preview:-1"},"canonical":"https:\/\/medaimun.de\/de\/termine\/","og_locale":"de_DE","og_type":"article","og_title":"Online Terminvergabe - Medaimun","og_description":"Willkommen bei der Online Terminvergabe f\u00fcr die Privatsprechstunde von Prof. Dr. Zielen Bei dringenden Anliegen schreiben Sie uns am besten eine E-Mailan praxis @ medaimun.de oder rufen Sie uns unter der 069 69 59 58 90 12 an. Achtung: Selbstzahler k\u00f6nnen Termine leider nur \u00fcber das Telefon buchen. Hinweis zur Terminbuchung:1) W\u00e4hlen Sie erst den [&hellip;]","og_url":"https:\/\/medaimun.de\/de\/termine\/","og_site_name":"Medaimun","article_modified_time":"2025-06-25T14:47:08+00:00","twitter_card":"summary_large_image","twitter_misc":{"Gesch\u00e4tzte Lesezeit":"1\u00a0Minute"},"schema":{"@context":"https:\/\/schema.org","@graph":[{"@type":"WebPage","@id":"https:\/\/medaimun.de\/termine\/","url":"https:\/\/medaimun.de\/termine\/","name":"Online Terminvergabe - Medaimun","isPartOf":{"@id":"https:\/\/medaimun.de\/#website"},"datePublished":"2024-11-25T08:19:58+00:00","dateModified":"2025-06-25T14:47:08+00:00","breadcrumb":{"@id":"https:\/\/medaimun.de\/termine\/#breadcrumb"},"inLanguage":"de","potentialAction":[{"@type":"ReadAction","target":["https:\/\/medaimun.de\/termine\/"]}]},{"@type":"BreadcrumbList","@id":"https:\/\/medaimun.de\/termine\/#breadcrumb","itemListElement":[{"@type":"ListItem","position":1,"name":"Startseite","item":"https:\/\/medaimun.de\/"},{"@type":"ListItem","position":2,"name":"Online Terminvergabe"}]},{"@type":"WebSite","@id":"https:\/\/medaimun.de\/#website","url":"https:\/\/medaimun.de\/","name":"Medaimun","description":"","potentialAction":[{"@type":"SearchAction","target":{"@type":"EntryPoint","urlTemplate":"https:\/\/medaimun.de\/?s={search_term_string}"},"query-input":{"@type":"PropertyValueSpecification","valueRequired":true,"valueName":"search_term_string"}}],"inLanguage":"de"}]}},"_links":{"self":[{"href":"https:\/\/medaimun.de\/de\/wp-json\/wp\/v2\/pages\/395","targetHints":{"allow":["GET"]}}],"collection":[{"href":"https:\/\/medaimun.de\/de\/wp-json\/wp\/v2\/pages"}],"about":[{"href":"https:\/\/medaimun.de\/de\/wp-json\/wp\/v2\/types\/page"}],"author":[{"embeddable":true,"href":"https:\/\/medaimun.de\/de\/wp-json\/wp\/v2\/users\/1"}],"replies":[{"embeddable":true,"href":"https:\/\/medaimun.de\/de\/wp-json\/wp\/v2\/comments?post=395"}],"version-history":[{"count":3,"href":"https:\/\/medaimun.de\/de\/wp-json\/wp\/v2\/pages\/395\/revisions"}],"predecessor-version":[{"id":5994,"href":"https:\/\/medaimun.de\/de\/wp-json\/wp\/v2\/pages\/395\/revisions\/5994"}],"wp:attachment":[{"href":"https:\/\/medaimun.de\/de\/wp-json\/wp\/v2\/media?parent=395"}],"curies":[{"name":"wp","href":"https:\/\/api.w.org\/{rel}","templated":true}]}}