{"id":175,"date":"2024-10-23T15:02:57","date_gmt":"2024-10-23T13:02:57","guid":{"rendered":"https:\/\/medaimun.de\/?page_id=175"},"modified":"2025-04-30T15:55:43","modified_gmt":"2025-04-30T13:55:43","slug":"kontakt","status":"publish","type":"page","link":"https:\/\/medaimun.de\/de\/kontakt\/","title":{"rendered":"Kontakt"},"content":{"rendered":"\t\t<div data-elementor-type=\"wp-page\" data-elementor-id=\"175\" class=\"elementor elementor-175\" data-elementor-post-type=\"page\">\n\t\t\t\t\t\t<section class=\"elementor-section elementor-top-section elementor-element elementor-element-aa6eee8 elementor-section-boxed elementor-section-height-default elementor-section-height-default\" data-id=\"aa6eee8\" data-element_type=\"section\" data-e-type=\"section\" data-settings=\"{&quot;background_background&quot;:&quot;classic&quot;}\">\n\t\t\t\t\t\t\t<div class=\"elementor-background-overlay\"><\/div>\n\t\t\t\t\t\t\t<div class=\"elementor-container elementor-column-gap-no\">\n\t\t\t\t\t<div class=\"elementor-column elementor-col-100 elementor-top-column elementor-element elementor-element-0541016\" data-id=\"0541016\" data-element_type=\"column\" data-e-type=\"column\">\n\t\t\t<div class=\"elementor-widget-wrap elementor-element-populated\">\n\t\t\t\t\t\t\t<\/div>\n\t\t<\/div>\n\t\t\t\t\t<\/div>\n\t\t<\/section>\n\t\t\t\t<section class=\"elementor-section elementor-top-section elementor-element elementor-element-dcadeba elementor-section-boxed elementor-section-height-default elementor-section-height-default\" data-id=\"dcadeba\" data-element_type=\"section\" data-e-type=\"section\">\n\t\t\t\t\t\t<div class=\"elementor-container elementor-column-gap-no\">\n\t\t\t\t\t<div class=\"elementor-column elementor-col-100 elementor-top-column elementor-element elementor-element-364e684\" data-id=\"364e684\" data-element_type=\"column\" data-e-type=\"column\">\n\t\t\t<div class=\"elementor-widget-wrap elementor-element-populated\">\n\t\t\t\t\t\t<div class=\"elementor-element elementor-element-6cd1362 elementor-widget__width-initial elementor-widget elementor-widget-text-editor\" data-id=\"6cd1362\" data-element_type=\"widget\" data-e-type=\"widget\" data-widget_type=\"text-editor.default\">\n\t\t\t\t\t\t\t\t\t<h2>Medaimun GmbH<\/h2><p>Kennedyallee 97a<br \/>60596 Frankfurt am Main<\/p><p>Fon 069\/69 59 58 90-0<br \/>Fax 069\/69 59 58 90-9<\/p>\t\t\t\t\t\t\t\t<\/div>\n\t\t\t\t\t<\/div>\n\t\t<\/div>\n\t\t\t\t\t<\/div>\n\t\t<\/section>\n\t\t\t\t<section class=\"elementor-section elementor-top-section elementor-element elementor-element-326fc68 elementor-section-boxed elementor-section-height-default elementor-section-height-default\" data-id=\"326fc68\" data-element_type=\"section\" data-e-type=\"section\">\n\t\t\t\t\t\t<div class=\"elementor-container elementor-column-gap-no\">\n\t\t\t\t\t<div class=\"elementor-column elementor-col-50 elementor-top-column elementor-element elementor-element-8c74254\" data-id=\"8c74254\" data-element_type=\"column\" data-e-type=\"column\">\n\t\t\t<div class=\"elementor-widget-wrap elementor-element-populated\">\n\t\t\t\t\t\t<div class=\"elementor-element elementor-element-a414cd4 elementor-widget elementor-widget-icon-box\" data-id=\"a414cd4\" data-element_type=\"widget\" data-e-type=\"widget\" data-widget_type=\"icon-box.default\">\n\t\t\t\t\t\t\t<div class=\"elementor-icon-box-wrapper\">\n\n\t\t\t\n\t\t\t\t\t\t<div class=\"elementor-icon-box-content\">\n\n\t\t\t\t\t\t\t\t\t<h3 class=\"elementor-icon-box-title\">\n\t\t\t\t\t\t<span  >\n\t\t\t\t\t\t\tPrivatsprechstunde \t\t\t\t\t\t<\/span>\n\t\t\t\t\t<\/h3>\n\t\t\t\t\n\t\t\t\t\t\t\t\t\t<p class=\"elementor-icon-box-description\">\n\t\t\t\t\t\t<span style=\"text-align: left\">E-Mail bez\u00fcglich der Privatsprechstunde: praxis@medaimun.de<\/span><br><b>Telefonische Sprechzeiten: Mo, Di, Fr 9-11 Uhr, Mi 9-14 Uhr<\/b><br>Direktwahl f\u00fcr die Privatsprechstunde: <span style=\"text-align: left\">069 - 69 59 58 90-12<\/span>\t\t\t\t\t<\/p>\n\t\t\t\t\n\t\t\t<\/div>\n\t\t\t\n\t\t<\/div>\n\t\t\t\t\t\t<\/div>\n\t\t\t\t\t<\/div>\n\t\t<\/div>\n\t\t\t\t<div class=\"elementor-column elementor-col-50 elementor-top-column elementor-element elementor-element-7620b63\" data-id=\"7620b63\" data-element_type=\"column\" data-e-type=\"column\">\n\t\t\t<div class=\"elementor-widget-wrap elementor-element-populated\">\n\t\t\t\t\t\t<div class=\"elementor-element elementor-element-43b5ef8 elementor-widget elementor-widget-icon-box\" data-id=\"43b5ef8\" data-element_type=\"widget\" data-e-type=\"widget\" data-widget_type=\"icon-box.default\">\n\t\t\t\t\t\t\t<div class=\"elementor-icon-box-wrapper\">\n\n\t\t\t\n\t\t\t\t\t\t<div class=\"elementor-icon-box-content\">\n\n\t\t\t\t\t\t\t\t\t<h3 class=\"elementor-icon-box-title\">\n\t\t\t\t\t\t<span  >\n\t\t\t\t\t\t\tKlinische Studien \t\t\t\t\t\t<\/span>\n\t\t\t\t\t<\/h3>\n\t\t\t\t\n\t\t\t\t\t\t\t\t\t<p class=\"elementor-icon-box-description\">\n\t\t\t\t\t\t<span style=\"text-align: left\">E-Mail bez\u00fcglich klinischer Studien: info@medaimun.de<\/span><br><br>Direktwahl f\u00fcr klinische Studien: <span style=\"text-align: left\">069 - 69 59 58 90-10<\/span>\t\t\t\t\t<\/p>\n\t\t\t\t\n\t\t\t<\/div>\n\t\t\t\n\t\t<\/div>\n\t\t\t\t\t\t<\/div>\n\t\t\t\t\t<\/div>\n\t\t<\/div>\n\t\t\t\t\t<\/div>\n\t\t<\/section>\n\t\t\t\t<section class=\"elementor-section elementor-top-section elementor-element elementor-element-4c4fd0c elementor-section-boxed elementor-section-height-default elementor-section-height-default\" data-id=\"4c4fd0c\" data-element_type=\"section\" data-e-type=\"section\">\n\t\t\t\t\t\t<div class=\"elementor-container elementor-column-gap-extended\">\n\t\t\t\t\t<div class=\"elementor-column elementor-col-100 elementor-top-column elementor-element elementor-element-858cce7\" data-id=\"858cce7\" data-element_type=\"column\" data-e-type=\"column\">\n\t\t\t<div class=\"elementor-widget-wrap elementor-element-populated\">\n\t\t\t\t\t\t<div class=\"elementor-element elementor-element-31035f9 elementor-widget elementor-widget-spacer\" data-id=\"31035f9\" data-element_type=\"widget\" data-e-type=\"widget\" data-widget_type=\"spacer.default\">\n\t\t\t\t\t\t\t<div class=\"elementor-spacer\">\n\t\t\t<div class=\"elementor-spacer-inner\"><\/div>\n\t\t<\/div>\n\t\t\t\t\t\t<\/div>\n\t\t\t\t<div class=\"elementor-element elementor-element-12388a7 elementor-widget elementor-widget-html\" data-id=\"12388a7\" data-element_type=\"widget\" data-e-type=\"widget\" data-widget_type=\"html.default\">\n\t\t\t\t\t<iframe src=\"https:\/\/www.google.com\/maps\/embed?pb=!1m18!1m12!1m3!1d2559.4996818629857!2d8.667179076925695!3d50.0956535128461!2m3!1f0!2f0!3f0!3m2!1i1024!2i768!4f13.1!3m3!1m2!1s0x47bd0c08b0df4d85%3A0xbc68f1c63e3dd0c4!2sMedaimun%20GmbH%20-%20Privatpraxis%20Prof.%20Dr.%20med%20Zielen!5e0!3m2!1sde!2sde!4v1744794428506!5m2!1sde!2sde\" width=\"600\" height=\"450\" style=\"border:0;\" allowfullscreen=\"\" loading=\"lazy\" referrerpolicy=\"no-referrer-when-downgrade\"><\/iframe>\t\t\t\t<\/div>\n\t\t\t\t\t<\/div>\n\t\t<\/div>\n\t\t\t\t\t<\/div>\n\t\t<\/section>\n\t\t\t\t<section class=\"elementor-section elementor-top-section elementor-element elementor-element-c8690da elementor-section-boxed elementor-section-height-default elementor-section-height-default\" data-id=\"c8690da\" data-element_type=\"section\" data-e-type=\"section\">\n\t\t\t\t\t\t<div class=\"elementor-container elementor-column-gap-no\">\n\t\t\t\t\t<div class=\"elementor-column elementor-col-100 elementor-top-column elementor-element elementor-element-4b8691a\" data-id=\"4b8691a\" data-element_type=\"column\" data-e-type=\"column\">\n\t\t\t<div class=\"elementor-widget-wrap elementor-element-populated\">\n\t\t\t\t\t\t<div class=\"elementor-element elementor-element-e18f7b9 elementor-widget elementor-widget-text-editor\" data-id=\"e18f7b9\" data-element_type=\"widget\" data-e-type=\"widget\" data-widget_type=\"text-editor.default\">\n\t\t\t\t\t\t\t\t\t<h3>So erreichen Sie uns:<\/h3><p>Die Medaimun GmbH liegt zentral an der Kennedyallee gegen\u00fcber dem Hotel Villa Kennedy in der 2. Reihe und ist an das Stra\u00dfen- und \u00f6ffentliche Nahverkehrsnetz bestens angebunden.<\/p><p>Falls Sie mit ihrem eigenen PKW anreisen, erreichen sie uns am besten \u00fcber die Stra\u00dfheimstra\u00dfe 6, da wir \u00fcber die Kennedyallee auf Grund der dortigen Verkehrsf\u00fchrung nicht direkt anzufahren sind. Parkm\u00f6glichkeiten sind vorhanden.<\/p><p><strong>Achtung: Bei alten Navigationssystemen und Karten geben Sie\u00a0<em>Stra\u00dfheimstra\u00dfe 6<\/em> in ihr Navigationsger\u00e4t ein. Google Maps leitet Sie aber auch mit der offiziellen Adresse &#8211; Kennedyallee 97a &#8211;\u00a0 richtig.<\/strong><\/p><h3>Mit \u00d6ffentlichen Verkehrsmitteln:<\/h3><p>N\u00e4chstgelegene gro\u00dfe Stationen sind Haupt- und S\u00fcdbahnhof. Dort bitte umsteigen in die S-Bahn S3 und S4 Richtung Langen\/Darmstadt oder Stra\u00dfenbahn 12, 16 oder 21 Richtung Schwanheim\/Offenbach oder Stadion:<\/p><p>\u2022 G\u00fcnstigste Haltestellen sind S-Bahnhaltestelle Stresemannallee\/M\u00f6rfelder Ldstr\u200e.<br \/>\u2022 Die Stra\u00dfenbahnhaltestelle Stresemannalle\/Gartenstra\u00dfe<\/p><p>Der anschlie\u00dfende Fussweg dauert 5 Minuten<\/p><h3>\u00a0<\/h3><h3>Jobs<\/h3><p>F\u00fcr mehr Infos:\u00a0<a class=\"customLink\" href=\"https:\/\/medaimun.de\/de\/jobs\" target=\"_self\">https:\/\/medaimun.de\/de\/jobs<\/a><\/p>\t\t\t\t\t\t\t\t<\/div>\n\t\t\t\t\t<\/div>\n\t\t<\/div>\n\t\t\t\t\t<\/div>\n\t\t<\/section>\n\t\t\t\t<\/div>\n\t\t","protected":false},"excerpt":{"rendered":"<p>Medaimun GmbH Kennedyallee 97a60596 Frankfurt am Main Fon 069\/69 59 58 90-0Fax 069\/69 59 58 90-9 Privatsprechstunde E-Mail bez\u00fcglich der Privatsprechstunde: praxis@medaimun.deTelefonische Sprechzeiten: Mo, Di, Fr 9-11 Uhr, Mi 9-14 UhrDirektwahl f\u00fcr die Privatsprechstunde: 069 &#8211; 69 59 58 90-12 Klinische Studien E-Mail bez\u00fcglich klinischer Studien: info@medaimun.de Direktwahl f\u00fcr klinische Studien: 069 &#8211; 69 59 [&hellip;]<\/p>\n","protected":false},"author":1,"featured_media":0,"parent":0,"menu_order":0,"comment_status":"closed","ping_status":"closed","template":"","meta":{"footnotes":""},"class_list":["post-175","page","type-page","status-publish","hentry"],"yoast_head":"<!-- This site is optimized with the Yoast SEO plugin v27.4 - https:\/\/yoast.com\/product\/yoast-seo-wordpress\/ -->\n<title>Kontakt - Medaimun<\/title>\n<meta name=\"robots\" content=\"index, follow, max-snippet:-1, max-image-preview:large, max-video-preview:-1\" \/>\n<link rel=\"canonical\" href=\"https:\/\/medaimun.de\/de\/kontakt\/\" \/>\n<meta property=\"og:locale\" content=\"de_DE\" \/>\n<meta property=\"og:type\" content=\"article\" \/>\n<meta property=\"og:title\" content=\"Kontakt - Medaimun\" \/>\n<meta property=\"og:description\" content=\"Medaimun GmbH Kennedyallee 97a60596 Frankfurt am Main Fon 069\/69 59 58 90-0Fax 069\/69 59 58 90-9 Privatsprechstunde E-Mail bez\u00fcglich der Privatsprechstunde: praxis@medaimun.deTelefonische Sprechzeiten: Mo, Di, Fr 9-11 Uhr, Mi 9-14 UhrDirektwahl f\u00fcr die Privatsprechstunde: 069 &#8211; 69 59 58 90-12 Klinische Studien E-Mail bez\u00fcglich klinischer Studien: info@medaimun.de Direktwahl f\u00fcr klinische Studien: 069 &#8211; 69 59 [&hellip;]\" \/>\n<meta property=\"og:url\" content=\"https:\/\/medaimun.de\/de\/kontakt\/\" \/>\n<meta property=\"og:site_name\" content=\"Medaimun\" \/>\n<meta property=\"article:modified_time\" content=\"2025-04-30T13:55:43+00:00\" \/>\n<meta name=\"twitter:card\" content=\"summary_large_image\" \/>\n<meta name=\"twitter:label1\" content=\"Gesch\u00e4tzte Lesezeit\" \/>\n\t<meta name=\"twitter:data1\" content=\"2\u00a0Minuten\" \/>\n<script type=\"application\/ld+json\" class=\"yoast-schema-graph\">{\"@context\":\"https:\\\/\\\/schema.org\",\"@graph\":[{\"@type\":\"WebPage\",\"@id\":\"https:\\\/\\\/medaimun.de\\\/de\\\/kontakt\\\/\",\"url\":\"https:\\\/\\\/medaimun.de\\\/de\\\/kontakt\\\/\",\"name\":\"Kontakt - Medaimun\",\"isPartOf\":{\"@id\":\"https:\\\/\\\/medaimun.de\\\/#website\"},\"datePublished\":\"2024-10-23T13:02:57+00:00\",\"dateModified\":\"2025-04-30T13:55:43+00:00\",\"breadcrumb\":{\"@id\":\"https:\\\/\\\/medaimun.de\\\/de\\\/kontakt\\\/#breadcrumb\"},\"inLanguage\":\"de\",\"potentialAction\":[{\"@type\":\"ReadAction\",\"target\":[\"https:\\\/\\\/medaimun.de\\\/de\\\/kontakt\\\/\"]}]},{\"@type\":\"BreadcrumbList\",\"@id\":\"https:\\\/\\\/medaimun.de\\\/de\\\/kontakt\\\/#breadcrumb\",\"itemListElement\":[{\"@type\":\"ListItem\",\"position\":1,\"name\":\"Startseite\",\"item\":\"https:\\\/\\\/medaimun.de\\\/\"},{\"@type\":\"ListItem\",\"position\":2,\"name\":\"Kontakt\"}]},{\"@type\":\"WebSite\",\"@id\":\"https:\\\/\\\/medaimun.de\\\/#website\",\"url\":\"https:\\\/\\\/medaimun.de\\\/\",\"name\":\"Medaimun\",\"description\":\"\",\"potentialAction\":[{\"@type\":\"SearchAction\",\"target\":{\"@type\":\"EntryPoint\",\"urlTemplate\":\"https:\\\/\\\/medaimun.de\\\/?s={search_term_string}\"},\"query-input\":{\"@type\":\"PropertyValueSpecification\",\"valueRequired\":true,\"valueName\":\"search_term_string\"}}],\"inLanguage\":\"de\"}]}<\/script>\n<!-- \/ Yoast SEO plugin. -->","yoast_head_json":{"title":"Kontakt - Medaimun","robots":{"index":"index","follow":"follow","max-snippet":"max-snippet:-1","max-image-preview":"max-image-preview:large","max-video-preview":"max-video-preview:-1"},"canonical":"https:\/\/medaimun.de\/de\/kontakt\/","og_locale":"de_DE","og_type":"article","og_title":"Kontakt - Medaimun","og_description":"Medaimun GmbH Kennedyallee 97a60596 Frankfurt am Main Fon 069\/69 59 58 90-0Fax 069\/69 59 58 90-9 Privatsprechstunde E-Mail bez\u00fcglich der Privatsprechstunde: praxis@medaimun.deTelefonische Sprechzeiten: Mo, Di, Fr 9-11 Uhr, Mi 9-14 UhrDirektwahl f\u00fcr die Privatsprechstunde: 069 &#8211; 69 59 58 90-12 Klinische Studien E-Mail bez\u00fcglich klinischer Studien: info@medaimun.de Direktwahl f\u00fcr klinische Studien: 069 &#8211; 69 59 [&hellip;]","og_url":"https:\/\/medaimun.de\/de\/kontakt\/","og_site_name":"Medaimun","article_modified_time":"2025-04-30T13:55:43+00:00","twitter_card":"summary_large_image","twitter_misc":{"Gesch\u00e4tzte Lesezeit":"2\u00a0Minuten"},"schema":{"@context":"https:\/\/schema.org","@graph":[{"@type":"WebPage","@id":"https:\/\/medaimun.de\/de\/kontakt\/","url":"https:\/\/medaimun.de\/de\/kontakt\/","name":"Kontakt - Medaimun","isPartOf":{"@id":"https:\/\/medaimun.de\/#website"},"datePublished":"2024-10-23T13:02:57+00:00","dateModified":"2025-04-30T13:55:43+00:00","breadcrumb":{"@id":"https:\/\/medaimun.de\/de\/kontakt\/#breadcrumb"},"inLanguage":"de","potentialAction":[{"@type":"ReadAction","target":["https:\/\/medaimun.de\/de\/kontakt\/"]}]},{"@type":"BreadcrumbList","@id":"https:\/\/medaimun.de\/de\/kontakt\/#breadcrumb","itemListElement":[{"@type":"ListItem","position":1,"name":"Startseite","item":"https:\/\/medaimun.de\/"},{"@type":"ListItem","position":2,"name":"Kontakt"}]},{"@type":"WebSite","@id":"https:\/\/medaimun.de\/#website","url":"https:\/\/medaimun.de\/","name":"Medaimun","description":"","potentialAction":[{"@type":"SearchAction","target":{"@type":"EntryPoint","urlTemplate":"https:\/\/medaimun.de\/?s={search_term_string}"},"query-input":{"@type":"PropertyValueSpecification","valueRequired":true,"valueName":"search_term_string"}}],"inLanguage":"de"}]}},"_links":{"self":[{"href":"https:\/\/medaimun.de\/de\/wp-json\/wp\/v2\/pages\/175","targetHints":{"allow":["GET"]}}],"collection":[{"href":"https:\/\/medaimun.de\/de\/wp-json\/wp\/v2\/pages"}],"about":[{"href":"https:\/\/medaimun.de\/de\/wp-json\/wp\/v2\/types\/page"}],"author":[{"embeddable":true,"href":"https:\/\/medaimun.de\/de\/wp-json\/wp\/v2\/users\/1"}],"replies":[{"embeddable":true,"href":"https:\/\/medaimun.de\/de\/wp-json\/wp\/v2\/comments?post=175"}],"version-history":[{"count":3,"href":"https:\/\/medaimun.de\/de\/wp-json\/wp\/v2\/pages\/175\/revisions"}],"predecessor-version":[{"id":5672,"href":"https:\/\/medaimun.de\/de\/wp-json\/wp\/v2\/pages\/175\/revisions\/5672"}],"wp:attachment":[{"href":"https:\/\/medaimun.de\/de\/wp-json\/wp\/v2\/media?parent=175"}],"curies":[{"name":"wp","href":"https:\/\/api.w.org\/{rel}","templated":true}]}}